{"id":49,"date":"2018-10-06T17:52:54","date_gmt":"2018-10-06T17:52:54","guid":{"rendered":"http:\/\/sociedadhomeopatica.org\/?page_id=49"},"modified":"2020-06-09T23:47:13","modified_gmt":"2020-06-09T23:47:13","slug":"biblioteca","status":"publish","type":"page","link":"https:\/\/sociedadhomeopatica.org\/index.php\/biblioteca\/","title":{"rendered":"BIBLIOTECA"},"content":{"rendered":"<p>[et_pb_section fb_built=\u00bb1&#8243; _builder_version=\u00bb3.22&#8243; custom_padding=\u00bb54px|0px|0|0px|false|false\u00bb][et_pb_row _builder_version=\u00bb4.4.8&#8243; hover_enabled=\u00bb0&#8243; link_option_url_new_window=\u00bbon\u00bb][et_pb_column type=\u00bb4_4&#8243; _builder_version=\u00bb3.25&#8243; custom_padding=\u00bb|||\u00bb custom_padding__hover=\u00bb|||\u00bb][et_pb_text _builder_version=\u00bb4.4.8&#8243; text_font=\u00bb||||||||\u00bb]<\/p>\n<p><strong>Antropolog\u00eda y celos<\/strong><\/p>\n<p>Los celos, din\u00e1mica fundamental en la vida de los seres humanos.<\/p>\n<p>Monograf\u00eda<\/p>\n<p>Dra. Christina Tomattis<\/p>\n<p><a href=\"https:\/\/sociedadhomeopatica.org\/wp-content\/uploads\/2018\/11\/Antropologia-y-celos-1.pdf\" target=\"_blank\" rel=\"noopener noreferrer\">PARA LEER CLICK AQU\u00cd<\/a><\/p>\n<p>[\/et_pb_text][et_pb_text _builder_version=\u00bb3.27.4&#8243;]<\/p>\n<p><strong>El modelo del m\u00e9dico home\u00f3pata.<\/strong><\/p>\n<p>Una perspectiva del perfil del profesional m\u00e9dico especializado en homeopat\u00eda<\/p>\n<p><a href=\"https:\/\/sociedadhomeopatica.org\/wp-content\/uploads\/2018\/11\/011_Fernandez-3.pdf\">PARA LEER CLICK AQUI<\/a><\/p>\n<p>&nbsp;<\/p>\n<p>[\/et_pb_text][et_pb_text _builder_version=\u00bb4.4.8&#8243;]<\/p>\n<p><strong>El modelo del m\u00e9dico home\u00f3pata.<\/strong><\/p>\n<p>Una perspectiva del perfil del profesional m\u00e9dico especializado en homeopat\u00eda<\/p>\n<p><a href=\"https:\/\/sociedadhomeopatica.org\/wp-content\/uploads\/2018\/11\/011_Fernandez-3.pdf\">PARA LEER CLICK AQUI<\/a><\/p>\n<p>&nbsp;<\/p>\n<p>[\/et_pb_text][et_pb_text _builder_version=\u00bb3.27.4&#8243;]<\/p>\n<p><strong>Folleto. Informaci\u00f3n b\u00e1sica<\/strong><\/p>\n<p>Una r\u00e1pida mirada de lo que es la Homeopat\u00eda. \u00datil para ser le\u00eddo por los pacientes que son tratados o desean ser tratados con medicamentos homeop\u00e1ticos.<\/p>\n<p><a href=\"https:\/\/sociedadhomeopatica.org\/wp-content\/uploads\/2018\/11\/FOLLETO.pdf\">PARA LEER CLICK AQU\u00cd<\/a><\/p>\n<p>&nbsp;<\/p>\n<p>&nbsp;<\/p>\n<p>&nbsp;<\/p>\n<p>[\/et_pb_text][et_pb_text _builder_version=\u00bb3.27.4&#8243;]<\/p>\n<p style=\"text-align: left;\"><strong>Odontolog\u00eda y Homeopat\u00eda<\/strong><\/p>\n<p>La homeopat\u00eda como recurso terap\u00e9utico en la pr\u00e1ctica cotidiana de la odontolog\u00eda.<\/p>\n<p>Od. Gisela Acosta<\/p>\n<p><a href=\"https:\/\/sociedadhomeopatica.org\/wp-content\/uploads\/2018\/11\/odontologia-converted-compressed.pdf\" target=\"_blank\" rel=\"noopener noreferrer\">PARA LEER CLICK AQU\u00cd<\/a><\/p>\n<p>&nbsp;<\/p>\n<p>[\/et_pb_text][et_pb_text _builder_version=\u00bb3.27.4&#8243;]<\/p>\n<p><strong>LA MEDICINA ACTUAL BAJO EL ENFOQUE DE LA<\/strong><br \/> <strong>MODERNIDAD Y DE LA POSMODERNIDAD. UNA<\/strong><br \/> <strong>VISION CR\u00cdTICA<\/strong><br \/> Dr Humberto Avesani<\/p>\n<p>El postmodernismo y su correlato la corriente globalizadora, han impregnado el<br \/> \u00e1mbito cultural del mundo, irrumpiendo sobre los procesos est\u00e9ticos, culturales,<br \/> econ\u00f3micos y dentro de cada rinc\u00f3n de la actividad humana.<br \/> La medicina como actividad humana no se haya al margen de estos procesos de cambios<br \/> estructurales en la manera de ver y pensar los procesos de salud\/enfermedad.<\/p>\n<p><a href=\"https:\/\/sociedadhomeopatica.org\/wp-content\/uploads\/2018\/11\/La-medicina-actual-bajo-el-enfoque-de-la-Posmodernidad..pdf\" target=\"_blank\" rel=\"noopener noreferrer\">PARA LEER CLICK AQU\u00cd<\/a><\/p>\n<p>\u00a0<span style=\"font-size: 14px;\">\u00a0<\/span><span style=\"font-size: 14px;\">\u00a0<\/span><\/p>\n<p>[\/et_pb_text][et_pb_text _builder_version=\u00bb3.27.4&#8243;]<\/p>\n<p><strong>FUNDAMENTOS PARA LA INCLUSI\u00d3N CURRICULAR DE LA<\/strong><br \/><strong> TERAP\u00c9UTICA HOMEOP\u00c1TICA EN LAS ESCUELAS M\u00c9DICAS<\/strong><br \/><strong> ARGENTINAS<\/strong><\/p>\n<p>Un resumen de la situaci\u00f3n de la ense\u00f1anza de la homeopat\u00eda en el mundo y sus fundamentos para su incorporaci\u00f3n en la curr\u00edcula de las Escuelas M\u00e9dicas argentinas.<\/p>\n<p><a href=\"https:\/\/sociedadhomeopatica.org\/wp-content\/uploads\/2018\/11\/Fundamentos-para-la-inclusi\u00f3n-curricular-de-la-terap\u00e9utica-homeop\u00e1tica-en-las-escuelas-argentinas..pdf\" target=\"_blank\" rel=\"noopener noreferrer\" title=\"La homeopat\u00eda en el mundo\">PARA LEER CLICK AQU\u00cd<\/a><\/p>\n<p>&nbsp;<\/p>\n<p>&nbsp;<\/p>\n<p>[\/et_pb_text][et_pb_text _builder_version=\u00bb4.4.8&#8243; link_text_color=\u00bb#0c71c3&#8243; link_option_url_new_window=\u00bbon\u00bb hover_enabled=\u00bb0&#8243; custom_padding=\u00bb|||0px||\u00bb link_font_size=\u00bb15px\u00bb]<\/p>\n<p><b>ARTROSIS Y HOMEOPAT\u00cdA<\/b><\/p>\n<p>Trabajo Final o Tesis de la Facultad de Ciencias Qu\u00edmicas de la Universidad Cat\u00f3lica de C\u00f3rdoba conforme a los requisitos para obtener el t\u00edtulo de Farmac\u00e9utico.<br \/> Duranti, Daniela Noem\u00ed Ronconi, Celeste Raquel Terceros, Cintia Roc\u00edo<br \/> C\u00f3rdoba 2017<\/p>\n<p>M\u00e1s informaci\u00f3n<span style=\"color: #ff0000;\">\u00a0<span style=\"color: #8300e9;\"><a href=\"https:\/\/sociedadhomeopatica.org\/wp-content\/uploads\/2020\/06\/primeras-pag-tesis-2019-ultimo.pdf\" style=\"font-size: 14px; background-color: #ffffff; color: #8300e9;\">CLICK A<\/a><a href=\"https:\/\/sociedadhomeopatica.org\/wp-content\/uploads\/2020\/06\/primeras-pag-tesis-2019-ultimo.pdf\" style=\"font-size: 14px; color: #8300e9;\">QU\u00cd<\/a><\/span><\/span><\/p>\n<p><a href=\"https:\/\/sociedadhomeopatica.org\/wp-content\/uploads\/2020\/06\/tesis-2019-Autoguardado.pdf\">PARA LEER CLICK AQU\u00cd<\/a><\/p>\n<p>&nbsp;<\/p>\n<p>&nbsp;<\/p>\n<p>[\/et_pb_text][\/et_pb_column][\/et_pb_row][\/et_pb_section]<\/p>\n","protected":false},"excerpt":{"rendered":"<p>Antropolog\u00eda y celos Los celos, din\u00e1mica fundamental en la vida de los seres humanos. Monograf\u00eda Dra. Christina Tomattis PARA LEER CLICK AQU\u00cdEl modelo del m\u00e9dico home\u00f3pata. Una perspectiva del perfil del profesional m\u00e9dico especializado en homeopat\u00eda PARA LEER CLICK AQUI &nbsp;El modelo del m\u00e9dico home\u00f3pata. Una perspectiva del perfil del profesional m\u00e9dico especializado en homeopat\u00eda [&hellip;]<\/p>\n","protected":false},"author":1,"featured_media":0,"parent":0,"menu_order":0,"comment_status":"closed","ping_status":"closed","template":"","meta":{"_et_pb_use_builder":"on","_et_pb_old_content":"","_et_gb_content_width":"","footnotes":""},"_links":{"self":[{"href":"https:\/\/sociedadhomeopatica.org\/index.php\/wp-json\/wp\/v2\/pages\/49"}],"collection":[{"href":"https:\/\/sociedadhomeopatica.org\/index.php\/wp-json\/wp\/v2\/pages"}],"about":[{"href":"https:\/\/sociedadhomeopatica.org\/index.php\/wp-json\/wp\/v2\/types\/page"}],"author":[{"embeddable":true,"href":"https:\/\/sociedadhomeopatica.org\/index.php\/wp-json\/wp\/v2\/users\/1"}],"replies":[{"embeddable":true,"href":"https:\/\/sociedadhomeopatica.org\/index.php\/wp-json\/wp\/v2\/comments?post=49"}],"version-history":[{"count":55,"href":"https:\/\/sociedadhomeopatica.org\/index.php\/wp-json\/wp\/v2\/pages\/49\/revisions"}],"predecessor-version":[{"id":714,"href":"https:\/\/sociedadhomeopatica.org\/index.php\/wp-json\/wp\/v2\/pages\/49\/revisions\/714"}],"wp:attachment":[{"href":"https:\/\/sociedadhomeopatica.org\/index.php\/wp-json\/wp\/v2\/media?parent=49"}],"curies":[{"name":"wp","href":"https:\/\/api.w.org\/{rel}","templated":true}]}}