{"id":47,"date":"2018-10-06T17:51:58","date_gmt":"2018-10-06T17:51:58","guid":{"rendered":"http:\/\/sociedadhomeopatica.org\/?page_id=47"},"modified":"2018-11-26T00:32:37","modified_gmt":"2018-11-26T00:32:37","slug":"preguntas-frecuentes","status":"publish","type":"page","link":"https:\/\/sociedadhomeopatica.org\/index.php\/preguntas-frecuentes\/","title":{"rendered":"PREGUNTAS FRECUENTES"},"content":{"rendered":"<p>[et_pb_section fb_built=\u00bb1&#8243; _builder_version=\u00bb3.16.1&#8243;][et_pb_row _builder_version=\u00bb3.16.1&#8243;][et_pb_column type=\u00bb4_4&#8243; _builder_version=\u00bb3.16.1&#8243; parallax=\u00bboff\u00bb parallax_method=\u00bbon\u00bb][et_pb_accordion open_toggle_background_color=\u00bb#abd882&#8243; closed_toggle_background_color=\u00bb#8ba9c1&#8243; _builder_version=\u00bb3.16.1&#8243; toggle_font=\u00bb||||||||\u00bb background_image=\u00bbhttps:\/\/sociedadhomeopatica.org\/wp-content\/uploads\/2018\/10\/Curar-la-ansiedad-con-medicamentos-homeopaticos2-500&#215;250.jpg\u00bb text_orientation=\u00bbcenter\u00bb][et_pb_accordion_item title=\u00bbQue no es la homeopat\u00eda\u00bb open=\u00bboff\u00bb icon_color=\u00bb#000000&#8243; _builder_version=\u00bb3.16.1&#8243; title_text_shadow_horizontal_length=\u00bb0em\u00bb title_text_shadow_vertical_length=\u00bb0em\u00bb title_text_shadow_blur_strength=\u00bb0em\u00bb body_text_shadow_horizontal_length=\u00bb0em\u00bb body_text_shadow_vertical_length=\u00bb0em\u00bb body_text_shadow_blur_strength=\u00bb0em\u00bb]<\/p>\n<ul>\n<li>No es fito medicina, es decir no son hierbas medicinales<\/li>\n<li>No son productos qu\u00edmicos<\/li>\n<li><\/li>\n<\/ul>\n<p>[\/et_pb_accordion_item][et_pb_accordion_item title=\u00bbPor quien debe ser practicada la homeopat\u00eda\u00bb open=\u00bbon\u00bb _builder_version=\u00bb3.16.1&#8243; title_text_shadow_horizontal_length=\u00bb0em\u00bb title_text_shadow_vertical_length=\u00bb0em\u00bb title_text_shadow_blur_strength=\u00bb0em\u00bb body_text_shadow_horizontal_length=\u00bb0em\u00bb body_text_shadow_vertical_length=\u00bb0em\u00bb body_text_shadow_blur_strength=\u00bb0em\u00bb]<\/p>\n<p>La Homeopat\u00eda solo puede ser practicada por m\u00e9dicos,veterinarios y odont\u00f3logos. Cualquier persona que administre un preparado homeop\u00e1tico y no est\u00e9 dentro de estas especialidades profesionales incurre en un delito.<\/p>\n<p>[\/et_pb_accordion_item][\/et_pb_accordion][et_pb_accordion toggle_letter_spacing=\u00bb6px\u00bb text_orientation=\u00bbleft\u00bb _builder_version=\u00bb3.17.2&#8243; body_font=\u00bb||||||||\u00bb body_font_size=\u00bb14px\u00bb toggle_font=\u00bb||||||||\u00bb toggle_font_size=\u00bb15px\u00bb icon_color=\u00bb#000000&#8243;][et_pb_accordion_item title=\u00bbReacciones adversas\u00bb _builder_version=\u00bb3.17.2&#8243; open=\u00bbon\u00bb background_color=\u00bb#d5bee8&#8243; open_toggle_text_color=\u00bb#000000&#8243; open_toggle_background_color=\u00bb#e02b20&#8243;]<\/p>\n<p>Los medicamentos homeop\u00e1ticos no poseen reacciones adversas ni efectos colaterales. Puede ser administrados junto con medicamentos convencionales qu\u00edmicos.<\/p>\n<p>[\/et_pb_accordion_item][et_pb_accordion_item title=\u00bbEstudios cl\u00ednicos y complementarios en la consulta m\u00e9dica\u00bb _builder_version=\u00bb3.17.2&#8243; open=\u00bboff\u00bb background_color=\u00bb#aed886&#8243;]<\/p>\n<p>Para realizar un buen diagn\u00f3stico cl\u00ednico y por ende aplicar un correcto tratamiento se debe acudir a la consulta con todos los an\u00e1lisis de laboratorio, pruebas de diagn\u00f3stico por im\u00e1genes (radiograf\u00edas, tomograf\u00edas) y cualquier otro examen complementario que se haya realizado con anterioridad.<\/p>\n<p>[\/et_pb_accordion_item][\/et_pb_accordion][\/et_pb_column][\/et_pb_row][\/et_pb_section]<\/p>\n","protected":false},"excerpt":{"rendered":"<p>No es fito medicina, es decir no son hierbas medicinales No son productos qu\u00edmicos La Homeopat\u00eda solo puede ser practicada por m\u00e9dicos,veterinarios y odont\u00f3logos. Cualquier persona que administre un preparado homeop\u00e1tico y no est\u00e9 dentro de estas especialidades profesionales incurre en un delito.Los medicamentos homeop\u00e1ticos no poseen reacciones adversas ni efectos colaterales. Puede ser administrados [&hellip;]<\/p>\n","protected":false},"author":1,"featured_media":0,"parent":0,"menu_order":0,"comment_status":"closed","ping_status":"closed","template":"","meta":{"_et_pb_use_builder":"on","_et_pb_old_content":"","_et_gb_content_width":"","footnotes":""},"_links":{"self":[{"href":"https:\/\/sociedadhomeopatica.org\/index.php\/wp-json\/wp\/v2\/pages\/47"}],"collection":[{"href":"https:\/\/sociedadhomeopatica.org\/index.php\/wp-json\/wp\/v2\/pages"}],"about":[{"href":"https:\/\/sociedadhomeopatica.org\/index.php\/wp-json\/wp\/v2\/types\/page"}],"author":[{"embeddable":true,"href":"https:\/\/sociedadhomeopatica.org\/index.php\/wp-json\/wp\/v2\/users\/1"}],"replies":[{"embeddable":true,"href":"https:\/\/sociedadhomeopatica.org\/index.php\/wp-json\/wp\/v2\/comments?post=47"}],"version-history":[{"count":11,"href":"https:\/\/sociedadhomeopatica.org\/index.php\/wp-json\/wp\/v2\/pages\/47\/revisions"}],"predecessor-version":[{"id":591,"href":"https:\/\/sociedadhomeopatica.org\/index.php\/wp-json\/wp\/v2\/pages\/47\/revisions\/591"}],"wp:attachment":[{"href":"https:\/\/sociedadhomeopatica.org\/index.php\/wp-json\/wp\/v2\/media?parent=47"}],"curies":[{"name":"wp","href":"https:\/\/api.w.org\/{rel}","templated":true}]}}