{"id":43,"date":"2018-10-06T17:48:51","date_gmt":"2018-10-06T17:48:51","guid":{"rendered":"http:\/\/sociedadhomeopatica.org\/?page_id=43"},"modified":"2020-06-09T18:45:03","modified_gmt":"2020-06-09T18:45:03","slug":"inicio","status":"publish","type":"page","link":"https:\/\/sociedadhomeopatica.org\/","title":{"rendered":"INICIO"},"content":{"rendered":"<p>[et_pb_section fb_built=\u00bb1&#8243; fullwidth=\u00bbon\u00bb _builder_version=\u00bb3.22.3&#8243; top_divider_color=\u00bb#0c71c3&#8243; hover_transition_duration=\u00bb1900ms\u00bb hover_transition_delay=\u00bb300ms\u00bb hover_transition_speed_curve=\u00bblinear\u00bb][et_pb_fullwidth_slider _builder_version=\u00bb3.17.6&#8243; header_font=\u00bb|700|||||||\u00bb header_text_color=\u00bb#e02b20&#8243; header_font_size=\u00bb59px\u00bb header_line_height=\u00bb1.3em\u00bb body_font=\u00bb||||||||\u00bb background_color=\u00bb#e02b20&#8243; use_background_color_gradient=\u00bbon\u00bb filter_brightness=\u00bb101%\u00bb animation_style=\u00bbslide\u00bb animation_duration=\u00bb1800ms\u00bb animation_delay=\u00bb950ms\u00bb animation_intensity_slide=\u00bb34%\u00bb animation_starting_opacity=\u00bb43%\u00bb auto=\u00bbon\u00bb hover_transition_duration=\u00bb1100ms\u00bb hover_transition_delay=\u00bb50ms\u00bb hover_transition_speed_curve=\u00bbease-out\u00bb header_font_size_tablet=\u00bb\u00bb header_font_size_phone=\u00bb\u00bb header_font_size_last_edited=\u00bbon|phone\u00bb header_text_shadow_style=\u00bbpreset1&#8243; header_text_shadow_color=\u00bb#0c71c3&#8243;][et_pb_slide heading=\u00bbSOCIEDAD ARGENTINA DE MEDICINA HOMEOP\u00c1TICA\u00bb _builder_version=\u00bb3.17.6&#8243; header_font=\u00bb||||||||\u00bb header_text_color=\u00bb#ffffff\u00bb header_font_size=\u00bb27px\u00bb header_letter_spacing=\u00bb5px\u00bb header_line_height=\u00bb3.2em\u00bb body_font=\u00bb||||||||\u00bb body_letter_spacing=\u00bb7px\u00bb background_image=\u00bbhttps:\/\/sociedadhomeopatica.org\/wp-content\/uploads\/2018\/10\/FOTO-GRUPAL-REDIMEH.jpg\u00bb background_repeat=\u00bbrepeat-x\u00bb custom_button=\u00bbon\u00bb button_font=\u00bb||||||||\u00bb custom_padding=\u00bb5px||0px\u00bb child_filter_hue_rotate=\u00bb37deg\u00bb child_filter_saturate=\u00bb81%\u00bb child_filter_sepia=\u00bb1%\u00bb child_filter_opacity=\u00bb14%\u00bb hover_transition_duration=\u00bb950ms\u00bb hover_transition_delay=\u00bb150ms\u00bb header_text_shadow_style=\u00bbpreset5&#8243; header_text_shadow_horizontal_length=\u00bb0.07em\u00bb header_text_shadow_vertical_length=\u00bb0.13em\u00bb header_text_shadow_color=\u00bb#8300e9&#8243; child_filter_sepia__hover_enabled=\u00bbon\u00bb]&nbsp;<\/p>\n<p><span style=\"font-size: x-large;\">BIENVENIDOS AL SITIO OFICIAL<\/span><br \/>\n[\/et_pb_slide][et_pb_slide heading=\u00bbHOMEOPAT\u00cdA\u00bb alignment=\u00bbbottom\u00bb arrows_custom_color=\u00bb#000000&#8243; _builder_version=\u00bb3.17.6&#8243; header_level=\u00bbh2&#8243; header_font=\u00bb|700|||||||\u00bb header_text_align=\u00bbcenter\u00bb header_text_color=\u00bb#000000&#8243; header_font_size=\u00bb16px\u00bb header_letter_spacing=\u00bb18px\u00bb header_line_height=\u00bb5.2em\u00bb body_font=\u00bbTimes New Roman|600|||||||\u00bb body_text_color=\u00bb#e02b20&#8243; body_font_size=\u00bb26px\u00bb body_line_height=\u00bb1.2em\u00bb background_color=\u00bbrgba(224,11,0,0.96)\u00bb background_image=\u00bbhttps:\/\/sociedadhomeopatica.org\/wp-content\/uploads\/2018\/10\/294.cabecera.jpg\u00bb text_orientation=\u00bbcenter\u00bb background_layout=\u00bblight\u00bb custom_padding=\u00bb0px||602px\u00bb child_filter_hue_rotate=\u00bb139deg\u00bb child_filter_saturate=\u00bb166%\u00bb header_font_size_tablet=\u00bb\u00bb header_font_size_phone=\u00bb14px\u00bb header_font_size_last_edited=\u00bbon|desktop\u00bb body_text_shadow_style=\u00bbpreset4&#8243; body_text_shadow_horizontal_length=\u00bb-0.01em\u00bb body_text_shadow_vertical_length=\u00bb0.07em\u00bb body_text_shadow_color=\u00bb#331584&#8243; text_shadow_style=\u00bbpreset5&#8243; text_shadow_color=\u00bb#0000ad\u00bb]Medicina integral, natural, sin efectos adversos.<br \/>\nDoscientos a\u00f1os de experiencia,miles de profesionales que la utilizan, millones de pacientes tratados; avalan su eficacia y pr\u00e1ctica cl\u00ednica.<br \/>\n[\/et_pb_slide][\/et_pb_fullwidth_slider][\/et_pb_section][et_pb_section fb_built=\u00bb1&#8243; inner_shadow=\u00bbon\u00bb _builder_version=\u00bb3.22.3&#8243; custom_padding=\u00bb54px|0px|0|0px|false|false\u00bb top_divider_style=\u00bbarrow2&#8243; top_divider_color=\u00bb#40aa1d\u00bb top_divider_height=\u00bb97px\u00bb top_divider_flip=\u00bbvertical\u00bb bottom_divider_style=\u00bbarrow3&#8243; bottom_divider_color=\u00bb#7cda24&#8243;][et_pb_row _builder_version=\u00bb3.25&#8243; background_color=\u00bb#77a8a3&#8243; max_width=\u00bb1693px\u00bb module_alignment=\u00bbcenter\u00bb use_custom_width=\u00bbon\u00bb custom_width_px=\u00bb1693px\u00bb][et_pb_column type=\u00bb4_4&#8243; _builder_version=\u00bb3.25&#8243; custom_padding=\u00bb|||\u00bb custom_padding__hover=\u00bb|||\u00bb][et_pb_text _builder_version=\u00bb3.27.4&#8243; text_font=\u00bb||||||||\u00bb text_text_color=\u00bbrgba(0,0,0,0.76)\u00bb header_font=\u00bb||||||||\u00bb header_font_size=\u00bb51px\u00bb header_2_font=\u00bb||||||||\u00bb text_orientation=\u00bbcenter\u00bb custom_margin_tablet=\u00bb\u00bb custom_margin_phone=\u00bb\u00bb custom_margin_last_edited=\u00bbon|phone\u00bb inline_fonts=\u00bbTimes New Roman\u00bb]<\/p>\n<p style=\"padding-left: 120px; text-align: left;\"><span style=\"font-size: xx-large; font-family: 'Times New Roman';\"><strong>UN POCO DE HISTORIA<\/strong><\/span><\/p>\n<p>[\/et_pb_text][\/et_pb_column][\/et_pb_row][et_pb_row custom_padding_last_edited=\u00bbon|phone\u00bb _builder_version=\u00bb3.25&#8243; use_background_color_gradient=\u00bbon\u00bb background_color_gradient_start=\u00bb#7cda24&#8243; background_color_gradient_direction=\u00bb360deg\u00bb background_color_gradient_start_position=\u00bb42%\u00bb background_color_gradient_end_position=\u00bb66%\u00bb width=\u00bb100%\u00bb max_width=\u00bb100%\u00bb custom_margin=\u00bb3px||\u00bb custom_padding=\u00bb37px|0px|100px|0px|false|false\u00bb custom_padding_tablet=\u00bb\u00bb custom_padding_phone=\u00bb\u00bb use_custom_width=\u00bbon\u00bb width_unit=\u00bboff\u00bb custom_width_percent=\u00bb100%\u00bb column_structure=\u00bb2_5,3_5&#8243;][et_pb_column type=\u00bb2_5&#8243; _builder_version=\u00bb3.25&#8243; custom_padding=\u00bb|||\u00bb custom_padding__hover=\u00bb|||\u00bb][et_pb_image src=\u00bbhttps:\/\/sociedadhomeopatica.org\/wp-content\/uploads\/2018\/11\/12.jpg\u00bb align_tablet=\u00bbcenter\u00bb align_last_edited=\u00bbon|desktop\u00bb _builder_version=\u00bb3.23&#8243; z_index=\u00bb814&#8243; max_width=\u00bb100%\u00bb module_alignment=\u00bbcenter\u00bb custom_margin=\u00bb|-59px||63px||\u00bb custom_padding=\u00bb|39px||||\u00bb][\/et_pb_image][\/et_pb_column][et_pb_column type=\u00bb3_5&#8243; _builder_version=\u00bb3.25&#8243; custom_padding=\u00bb|||\u00bb custom_padding__hover=\u00bb|||\u00bb][et_pb_text _builder_version=\u00bb3.27.4&#8243; text_font=\u00bb|700|||||||\u00bb text_text_color=\u00bb#000000&#8243; ul_font=\u00bb||||||||\u00bb custom_margin=\u00bb|48px||49px\u00bb custom_padding=\u00bb|0px||0px\u00bb]<\/p>\n<p>La Sociedad Argentina de Medicina Homeop\u00e1tica (SAMH) fue fundada en el a\u00f1o 1996, adquiriendo Personer\u00eda Jur\u00eddica ante la Direcci\u00f3n de Inspecciones Jur\u00eddicas el mismo a\u00f1o. Conformada por profesionales de varias provincias Argentinas reuniendo a m\u00e9dicos, odont\u00f3logos, veterinarios y farmac\u00e9uticos, dedicados a ense\u00f1ar, investigar y difundir la Medicina Homeop\u00e1tica en el territorio nacional. Dentro de su cometido se ubica tambi\u00e9n la de jerarquizar la Medicina Homeop\u00e1tica e incluirla dentro de la oferta m\u00e9dica como una herramienta terap\u00e9utica a elecci\u00f3n junto a la medicina convencional y a libre disposici\u00f3n del equipo de salud como ocurre en otros pa\u00edses.<\/p>\n<p>&nbsp;<\/p>\n<p>Para ello esta Sociedad se halla abocada sin fanatismos y sin prejuicios, al estudio de la Medicina Homeop\u00e1tica dentro del contexto de los \u00faltimos adelantos que las ciencias fisicoqu\u00edmicas y biol\u00f3gicas puedan ofrecer.<\/p>\n<p>&nbsp;<\/p>\n<p>En el a\u00f1o 1997 organiza el 56 Congreso Panamericano, uno de los m\u00e1s antiguos de la historia de la homeopat\u00eda, acudiendo delegaciones de Cuba, Brasil, Inglaterra, Chile, Uruguay, Holanda, Francia e Italia; siendo declarado de \u00abInter\u00e9s Legislativo\u00bb por su importancia cient\u00edfica.<\/p>\n<p style=\"text-align: justify;\">[\/et_pb_text][\/et_pb_column][\/et_pb_row][et_pb_row custom_padding_last_edited=\u00bbon|phone\u00bb _builder_version=\u00bb3.25&#8243; use_background_color_gradient=\u00bbon\u00bb background_color_gradient_start=\u00bb#7cda24&#8243; background_color_gradient_direction=\u00bb360deg\u00bb background_color_gradient_start_position=\u00bb42%\u00bb background_color_gradient_end_position=\u00bb66%\u00bb width=\u00bb100%\u00bb max_width=\u00bb100%\u00bb custom_margin=\u00bb0px||\u00bb custom_padding=\u00bb0|0px|0|0px|true|false\u00bb custom_padding_tablet=\u00bb\u00bb custom_padding_phone=\u00bb\u00bb use_custom_width=\u00bbon\u00bb width_unit=\u00bboff\u00bb custom_width_percent=\u00bb100%\u00bb column_structure=\u00bb2_5,3_5&#8243;][et_pb_column type=\u00bb2_5&#8243; _builder_version=\u00bb3.25&#8243; custom_padding=\u00bb|||\u00bb custom_padding__hover=\u00bb|||\u00bb][et_pb_image src=\u00bbhttps:\/\/sociedadhomeopatica.org\/wp-content\/uploads\/2018\/10\/Curar-la-ansiedad-con-medicamentos-homeopaticos2-500&#215;250.jpg\u00bb align_tablet=\u00bbcenter\u00bb align_last_edited=\u00bbon|desktop\u00bb _builder_version=\u00bb3.23&#8243; box_shadow_style=\u00bbpreset4&#8243; box_shadow_color=\u00bbrgba(0,0,0,0.44)\u00bb][\/et_pb_image][\/et_pb_column][et_pb_column type=\u00bb3_5&#8243; _builder_version=\u00bb3.25&#8243; custom_padding=\u00bb|||\u00bb custom_padding__hover=\u00bb|||\u00bb][et_pb_text _builder_version=\u00bb3.27.4&#8243; text_font=\u00bb|700|||||||\u00bb text_text_color=\u00bb#000000&#8243; custom_margin=\u00bb|31px||178px\u00bb custom_padding=\u00bb|0px||0px\u00bb]<\/p>\n<p>Desde la fecha de su fundaci\u00f3n, la Sociedad organiza cursos de post-grado para profesionales relacionados con el arte de curar, incluidos veterinarios, en su sede central en la ciudad de C\u00f3rdoba y en las provincias de Mendoza y Jujuy. Actualmente en sus aulas contin\u00faan capacit\u00e1ndose profesionales \u00a0\u00a0provenientes de provincias de todo el pa\u00eds.<\/p>\n<p>&nbsp;<\/p>\n<p>Su cuerpo docente ha dictado cursos en Brasil, Chile y Cuba, habiendo colaborado en este \u00faltimo pa\u00eds junto con colegas de otros pa\u00edses a su reconocimiento oficial por parte del estado cubano.<\/p>\n<p>&nbsp;<\/p>\n<p>En el a\u00f1o 2001 la Sociedad es la primera entidad homeop\u00e1tica argentina en ser aceptada como Miembro Institucional de la \u00abLiga M\u00e9dica Homeop\u00e1tica Internacional\u00bb, ello aconteci\u00f3 en la ciudad de Sibiu, Rumania, durante el 56 Congreso Internacional de la Liga M\u00e9dica Homeop\u00e1tica Internacional.<\/p>\n<p>&nbsp;<\/p>\n<p>&nbsp;<\/p>\n<p>[\/et_pb_text][\/et_pb_column][\/et_pb_row][et_pb_row custom_padding_last_edited=\u00bbon|phone\u00bb _builder_version=\u00bb3.25&#8243; use_background_color_gradient=\u00bbon\u00bb background_color_gradient_start=\u00bb#7cda24&#8243; background_color_gradient_direction=\u00bb360deg\u00bb background_color_gradient_start_position=\u00bb42%\u00bb background_color_gradient_end_position=\u00bb66%\u00bb width=\u00bb100%\u00bb max_width=\u00bb100%\u00bb custom_margin=\u00bb0px||\u00bb custom_padding=\u00bb37px|0px|0|0px|false|false\u00bb custom_padding_tablet=\u00bb\u00bb custom_padding_phone=\u00bb\u00bb use_custom_width=\u00bbon\u00bb width_unit=\u00bboff\u00bb custom_width_percent=\u00bb100%\u00bb column_structure=\u00bb2_5,3_5&#8243;][et_pb_column type=\u00bb2_5&#8243; _builder_version=\u00bb3.25&#8243; custom_padding=\u00bb|||\u00bb custom_padding__hover=\u00bb|||\u00bb][et_pb_image src=\u00bbhttps:\/\/sociedadhomeopatica.org\/wp-content\/uploads\/2018\/10\/Copia-de-P\u00f3ster-\u2013-Dise\u00f1o-sin-t\u00edtulo.jpg\u00bb show_bottom_space=\u00bboff\u00bb align_tablet=\u00bbcenter\u00bb align_last_edited=\u00bbon|desktop\u00bb _builder_version=\u00bb3.23&#8243; max_width=\u00bb46%\u00bb custom_margin=\u00bb|62px||15px\u00bb custom_padding=\u00bb|||0px\u00bb][\/et_pb_image][\/et_pb_column][et_pb_column type=\u00bb3_5&#8243; _builder_version=\u00bb3.25&#8243; custom_padding=\u00bb|||\u00bb custom_padding__hover=\u00bb|||\u00bb][et_pb_text _builder_version=\u00bb3.27.4&#8243; text_font=\u00bb|700|||||||\u00bb text_text_color=\u00bb#000000&#8243; custom_margin=\u00bb|2px||19px\u00bb custom_padding=\u00bb|46px||0px\u00bb]<\/p>\n<p>Durante el a\u00f1o 2003, la Sociedad bas\u00e1ndose en su rol social, cient\u00edfico y educativo desarrollado, inicia ante el Gobierno Nacional su reconocimiento como entidad sin fines de lucro, siendo reconocida por la AFIP seg\u00fan resoluci\u00f3n 272-4-004, como una organizaci\u00f3n exenta de grav\u00e1menes. Nuestra trayectoria reafirma nuestros objetivos fundacionales de servicio dedicado con la buena voluntad de sus miembros, a lograr una mejor comprensi\u00f3n de los postulados homeop\u00e1ticos por parte del p\u00fablico en general y los profesionales en particular.<\/p>\n<p>Los docentes \u00a0del \u00c1rea de Farmacia desempe\u00f1an su labor en la sede central de la Sociedad y en actividades de formaci\u00f3n extra-murales, habiendo dictado cursos en la Facultad de Farmacia de la Universidad Cat\u00f3lica de C\u00f3rdoba, constituyendo esto un importante hito dentro de la aceptaci\u00f3n de la Homeopat\u00eda en el \u00e1mbito universitario como no hab\u00eda ocurrido antes.<\/p>\n<p>El \u00c1rea de Farmacia luego de importantes tr\u00e1mites y debido al plan de estudios y curr\u00edcula del cuerpo docente, logr\u00f3 que el Colegio de Farmac\u00e9uticos de la Argentina, reconociera puntaje para la rev\u00e1lida del t\u00edtulo de Farmac\u00e9utico, siendo la \u00fanica entidad educativa en homeopat\u00eda en obtener este m\u00e9rito.<\/p>\n<p>&nbsp;<\/p>\n<p>[\/et_pb_text][et_pb_divider _builder_version=\u00bb3.17.6&#8243;][\/et_pb_divider][\/et_pb_column][\/et_pb_row][\/et_pb_section][et_pb_section fb_built=\u00bb1&#8243; _builder_version=\u00bb3.22.3&#8243; custom_margin=\u00bb-21px||\u00bb custom_padding=\u00bb0|0px|0|0px|false|false\u00bb][et_pb_row custom_padding_last_edited=\u00bbon|phone\u00bb _builder_version=\u00bb3.25&#8243; use_background_color_gradient=\u00bbon\u00bb background_color_gradient_start=\u00bb#7cda24&#8243; background_color_gradient_direction=\u00bb360deg\u00bb background_color_gradient_start_position=\u00bb42%\u00bb background_color_gradient_end_position=\u00bb66%\u00bb width=\u00bb100%\u00bb max_width=\u00bb100%\u00bb custom_margin=\u00bb3px||\u00bb custom_padding=\u00bb29px|0px|0|0px|false|false\u00bb custom_padding_tablet=\u00bb\u00bb custom_padding_phone=\u00bb\u00bb use_custom_width=\u00bbon\u00bb width_unit=\u00bboff\u00bb custom_width_percent=\u00bb100%\u00bb column_structure=\u00bb2_5,3_5&#8243;][et_pb_column type=\u00bb2_5&#8243; _builder_version=\u00bb3.25&#8243; custom_padding=\u00bb|||\u00bb custom_padding__hover=\u00bb|||\u00bb][et_pb_image src=\u00bbhttps:\/\/sociedadhomeopatica.org\/wp-content\/uploads\/2018\/10\/1-1.jpg\u00bb align_tablet=\u00bbcenter\u00bb align_last_edited=\u00bbon|desktop\u00bb _builder_version=\u00bb3.23&#8243; max_width=\u00bb79%\u00bb custom_margin_tablet=\u00bb\u00bb custom_margin_phone=\u00bb\u00bb custom_margin_last_edited=\u00bbon|desktop\u00bb custom_padding_tablet=\u00bb\u00bb custom_padding_phone=\u00bb|||6px\u00bb custom_padding_last_edited=\u00bbon|phone\u00bb][\/et_pb_image][\/et_pb_column][et_pb_column type=\u00bb3_5&#8243; _builder_version=\u00bb3.25&#8243; custom_padding=\u00bb|||\u00bb custom_padding__hover=\u00bb|||\u00bb][et_pb_text _builder_version=\u00bb3.27.4&#8243; text_font=\u00bb|700|||||||\u00bb text_text_color=\u00bb#000000&#8243; custom_padding=\u00bb||18px|13px\u00bb]<\/p>\n<p>En el a\u00f1o 2018, la SAMH organiza el Seminario REDIMEH (Red Iberoamericana de Investigaci\u00f3n en Homeopat\u00eda). Se cont\u00f3 con la presencia de invitados de jerarqu\u00eda internacional:<span style=\"color: #8300e9;\"> Dr. Fernando Ochoa \u00a0Bernal<\/span> (M\u00e9dico cirujano, especialista en Homeopat\u00eda y Medicina interna, Director del Hospital Nacional Homeop\u00e1tico de M\u00e9xico (D.F) Maestr\u00eda en Administraci\u00f3n p\u00fablica y Diplomado en Administraci\u00f3n y Gerencia de hospitales,Profesor adjunto de la secci\u00f3n de graduados e investigaci\u00f3n de la ENMyH del IPN de m\u00faltiples asignaturas, y de Cl\u00ednica Integral Homeop\u00e1tica y Terap\u00e9utica Homeop\u00e1tica en la Medicina Interna del curso de Especialidad en Terap\u00e9utica omeop\u00e1tica)<span style=\"color: #8300e9;\">, Dr. Peter Fisher<\/span>\u00a0(M\u00e9dico especialista en homeopat\u00eda y reumatolog\u00eda, Director Cl\u00ednico y Director de Investigaci\u00f3n del Royal London Hospital for Integrated Medicine de Londres, el centro m\u00e1s grande de medicina integrativa de Europa, M\u00e9dico de Su Majestad la Reina de Inglaterra, Ex Consultor Honorario de Reumatolog\u00eda del King&#8217;s College Hospital, Miembro del Royal College of Physicians y de la Faculty of Homeopathy.(MFHom), Autor de numerosos trabajos de investigaci\u00f3n en homeopat\u00eda y otras formas de medicina complementaria y alternativa, Miembro consejero del panel de expertos en medicina tradicional y complementaria de la OMS. Editor Jefe de la revista m\u00e9dica Homeopathy,<span style=\"color: #8300e9;\"> Dr.Elio Rossi<\/span>(Graduado con honores en Medicina y Cirug\u00eda en la Universidad de Mil\u00e1n en 1979 y se especializ\u00f3 en Enfermedades Infecciosas (1982).Particip\u00f3 en la fundaci\u00f3n del Grupo de Homeopat\u00eda Europea Lycopodium en Mil\u00e1n en 1978, participando en talleres de formaci\u00f3n hasta 1982. Obtuvo el t\u00edtulo de Miembro de la Facultad de Homeopat\u00eda de Londres (MFHom).Desde 1998 es director cient\u00edfico de \u00abMedicina Naturale\u00bb y asesor cient\u00edfico de la editora Tecniche Nuove, Mil\u00e1n.Desde 1998 es responsable del Ambulatorio de Medicina Homeop\u00e1tica de la AUSL 2 de Lucca, Hospital Campo di Marte, estructura de referencia regional para la homeopat\u00eda desde el a\u00f1o 2002.Profesor de varios cursos y maestr\u00edas universitarios: Universidad de Florencia (2004 y 2005), Universidad de Bolonia y R\u00e1vena desde el a\u00f1o 2007 y de la Maestr\u00eda en Medicina Integrativa de la Universidad de Siena desde 2009.Miembro de diversas comisiones regionales y referente cient\u00edfico de la Toscana en el proyecto EPAAC (European Partnership Action Against Cancer) 2011-2013.Responsable del Ambulatorio MC y Alimentaci\u00f3n en Oncolog\u00eda, ASL 2 Lucca, a partir de 2010., <span style=\"color: #8300e9;\">Dr. Eduardo Beltrand \u00a0Dussan<\/span> (Doctor en Medicina y Cirug\u00eda,Especialista en Pediatr\u00eda,Especialista en Onco-hematolog\u00eda Pedi\u00e1trica,Especialista en Terap\u00e9uticas Alternativas y Farmacolog\u00eda Vegetal,Especialista en Medicina Homeop\u00e1tica,Magister en Medicina Alternativa: Terapia Neural y Homeopat\u00eda,Profesor Titular: Facultad de Medicina Universidad Nacional de Colombia,Director Divisi\u00f3n de Oncohematolog\u00eda Pedi\u00e1trica.<br \/> Director Grupo Acad\u00e9mico de Medicina Alternativa Facultad de Medicina- Universidad Nacional de Colombia.) <span style=\"color: #8300e9;\">Dra. Silvia Waisse<\/span>, Medica Home\u00f3pata,Especialista en Pediatr\u00eda,Doctorado en Historia de la Ciencia, Universidad Cat\u00f3lica Pontificia de San Pablo,Becaria investigadora en el Instituto Max Planck de Historia de la Ciencia, Berl\u00edn) y del Institute of History of Medicine, Robert Bosch Foundation, Stuttgart, Alemania.Autora de numerosas publicaciones en revistas especializadas.Co-fundadora de REDIMEH (Red para la Integraci\u00f3n Iberoamericana de la Investigaci\u00f3n M\u00e9dica en Homeopat\u00eda).Directora Ejecutiva de las revistas: International Journal of High Dilutions Research, Circumscribere: International Journal for the History of Science y de Revista de Homeopatia.<\/p>\n<p>[\/et_pb_text][\/et_pb_column][\/et_pb_row][\/et_pb_section]<\/p>\n","protected":false},"excerpt":{"rendered":"<p>&nbsp; BIENVENIDOS AL SITIO OFICIAL Medicina integral, natural, sin efectos adversos. Doscientos a\u00f1os de experiencia,miles de profesionales que la utilizan, millones de pacientes tratados; avalan su eficacia y pr\u00e1ctica cl\u00ednica. UN POCO DE HISTORIALa Sociedad Argentina de Medicina Homeop\u00e1tica (SAMH) fue fundada en el a\u00f1o 1996, adquiriendo Personer\u00eda Jur\u00eddica ante la Direcci\u00f3n de Inspecciones Jur\u00eddicas [&hellip;]<\/p>\n","protected":false},"author":1,"featured_media":0,"parent":0,"menu_order":0,"comment_status":"closed","ping_status":"closed","template":"","meta":{"_et_pb_use_builder":"on","_et_pb_old_content":"","_et_gb_content_width":"","footnotes":""},"_links":{"self":[{"href":"https:\/\/sociedadhomeopatica.org\/index.php\/wp-json\/wp\/v2\/pages\/43"}],"collection":[{"href":"https:\/\/sociedadhomeopatica.org\/index.php\/wp-json\/wp\/v2\/pages"}],"about":[{"href":"https:\/\/sociedadhomeopatica.org\/index.php\/wp-json\/wp\/v2\/types\/page"}],"author":[{"embeddable":true,"href":"https:\/\/sociedadhomeopatica.org\/index.php\/wp-json\/wp\/v2\/users\/1"}],"replies":[{"embeddable":true,"href":"https:\/\/sociedadhomeopatica.org\/index.php\/wp-json\/wp\/v2\/comments?post=43"}],"version-history":[{"count":60,"href":"https:\/\/sociedadhomeopatica.org\/index.php\/wp-json\/wp\/v2\/pages\/43\/revisions"}],"predecessor-version":[{"id":692,"href":"https:\/\/sociedadhomeopatica.org\/index.php\/wp-json\/wp\/v2\/pages\/43\/revisions\/692"}],"wp:attachment":[{"href":"https:\/\/sociedadhomeopatica.org\/index.php\/wp-json\/wp\/v2\/media?parent=43"}],"curies":[{"name":"wp","href":"https:\/\/api.w.org\/{rel}","templated":true}]}}