{"id":112,"date":"2018-10-07T16:54:34","date_gmt":"2018-10-07T16:54:34","guid":{"rendered":"http:\/\/sociedadhomeopatica.org\/?page_id=112"},"modified":"2018-11-26T19:11:24","modified_gmt":"2018-11-26T19:11:24","slug":"actividades","status":"publish","type":"page","link":"https:\/\/sociedadhomeopatica.org\/index.php\/actividades\/","title":{"rendered":"ACTIVIDADES"},"content":{"rendered":"<p>[et_pb_section fb_built=\u00bb1&#8243; _builder_version=\u00bb3.17.1&#8243; background_image=\u00bbhttps:\/\/sociedadhomeopatica.org\/wp-content\/uploads\/2018\/10\/294.cabecera.jpg\u00bb background_blend=\u00bbsoft-light\u00bb][et_pb_row _builder_version=\u00bb3.17.1&#8243; background_color=\u00bbrgba(137,170,193,0.18)\u00bb][et_pb_column type=\u00bb4_4&#8243; _builder_version=\u00bb3.17.1&#8243; parallax=\u00bboff\u00bb parallax_method=\u00bbon\u00bb][et_pb_text _builder_version=\u00bb3.17.1&#8243; text_font=\u00bb||||||||\u00bb text_text_color=\u00bb#0c71c3&#8243; text_font_size=\u00bb2px\u00bb header_font=\u00bb|800|||||||\u00bb header_text_align=\u00bbcenter\u00bb header_text_color=\u00bb#8300e9&#8243; header_font_size=\u00bb22px\u00bb header_letter_spacing=\u00bb9px\u00bb header_letter_spacing_phone=\u00bb0px\u00bb header_letter_spacing_last_edited=\u00bbon|phone\u00bb header_line_height=\u00bb2.5em\u00bb header_line_height_last_edited=\u00bbon|phone\u00bb header_text_shadow_style=\u00bbpreset1&#8243; header_text_shadow_blur_strength=\u00bb0em\u00bb header_text_shadow_color=\u00bb#ffffff\u00bb background_image=\u00bbhttps:\/\/sociedadhomeopatica.org\/wp-content\/uploads\/2018\/10\/294.cabecera.jpg\u00bb background_size=\u00bbcontain\u00bb background_position=\u00bbtop_left\u00bb background_blend=\u00bbcolor\u00bb max_width=\u00bb88%\u00bb max_width_last_edited=\u00bbon|phone\u00bb module_alignment=\u00bbcenter\u00bb custom_margin=\u00bb61px||\u00bb filter_sepia=\u00bb29%\u00bb]<\/p>\n<h1>CURSO BIANUAL PARA M\u00c9DICOS, ODONT\u00d3LOGOS,VETERINARIOS Y FARMAC\u00c9UTICOS<\/h1>\n<p>[\/et_pb_text][\/et_pb_column][\/et_pb_row][et_pb_row custom_padding=\u00bb0|0px|27px|0px|false|false\u00bb custom_margin=\u00bb12px||\u00bb _builder_version=\u00bb3.17.1&#8243;][et_pb_column type=\u00bb1_2&#8243; _builder_version=\u00bb3.17.1&#8243; parallax=\u00bboff\u00bb parallax_method=\u00bbon\u00bb][et_pb_text _builder_version=\u00bb3.17.1&#8243; header_font=\u00bbTimes New Roman||||||||\u00bb header_text_align=\u00bbcenter\u00bb header_text_color=\u00bb#e02b20&#8243; header_2_font=\u00bbTimes New Roman|800|||||||\u00bb header_2_text_align=\u00bbcenter\u00bb header_2_text_color=\u00bb#000000&#8243; header_2_line_height=\u00bb1.3em\u00bb header_2_text_shadow_style=\u00bbpreset1&#8243; header_2_text_shadow_color=\u00bb#0c71c3&#8243; header_3_font=\u00bbTimes New Roman|700|||||||\u00bb header_3_text_color=\u00bb#000000&#8243;]<\/p>\n<h2 style=\"text-align: center;\">M\u00c9DICOS,VETERINARIOS Y ODONT\u00d3LOGOS<\/h2>\n<h3 style=\"text-align: center;\"><strong>TEMARIO A DESARROLLAR<\/strong><\/h3>\n<p>&nbsp;<\/p>\n<p style=\"text-align: justify;\">HISTORIA Y DOCTRINA HOMEOP\u00c1TICA<\/p>\n<p style=\"text-align: justify;\">FUNDAMENTOS TE\u00d3RICOS<\/p>\n<p style=\"text-align: justify;\">MATERIA M\u00c9DICA HOMEOPATICA<\/p>\n<p style=\"text-align: justify;\">SEMIOLOGIA CLINICA HOMEOP\u00c1TICA<\/p>\n<p style=\"text-align: justify;\">REPERTORIO: SU MANEJO Y UTILIZACI\u00d3N<\/p>\n<p style=\"text-align: justify;\">FARMACIA Y FARMACOPEA HOMEOP\u00c1TICA<\/p>\n<p style=\"text-align: justify;\"><span style=\"text-decoration: underline;\">CLASES<\/span>: VIERNES\u00a0 Y S\u00c1BADO CONSECUTIVOS DE CADA MES<\/p>\n<p>&nbsp;<\/p>\n<p>[\/et_pb_text][\/et_pb_column][et_pb_column type=\u00bb1_2&#8243; _builder_version=\u00bb3.17.1&#8243; parallax=\u00bboff\u00bb parallax_method=\u00bbon\u00bb][et_pb_text _builder_version=\u00bb3.17.1&#8243; header_font=\u00bb||||||||\u00bb header_2_font=\u00bbTimes New Roman|800|||||||\u00bb header_2_text_align=\u00bbcenter\u00bb header_2_text_color=\u00bb#000000&#8243; header_2_text_shadow_style=\u00bbpreset1&#8243; header_2_text_shadow_color=\u00bb#0c71c3&#8243; header_3_font=\u00bbTimes New Roman|800|||||||\u00bb header_3_text_align=\u00bbcenter\u00bb header_3_text_color=\u00bb#000000&#8243; custom_padding=\u00bb6px||\u00bb]<\/p>\n<h2>FARMAC\u00c9UTICOS<\/h2>\n<h3><\/h3>\n<h3>TEMARIO A DESARROLLAR<\/h3>\n<h3><\/h3>\n<p>HISTORIA Y DOCTRINA HOMEOP\u00c1TICA<\/p>\n<p>MATERIA M\u00c9DICA HOMEOP\u00c1TICA<\/p>\n<p>FARMACOLOG\u00cdA Y FARMACOTECNIA HOMEOP\u00c1TICA.<\/p>\n<p>PREPARACIONES B\u00c1SICAS,FORMAS FARMACE\u00daTICAS DE USO INTERNO Y EXTERNO.<\/p>\n<p>MANEJO DE FARMACOPEAS.INTERPRETACI\u00d3N DE RECETAS.<\/p>\n<p>INSTALACI\u00d3N DEL LABORATORIO HOMEOP\u00c1TICO.LEGISLACI\u00d3N DE LAS FARMACIAS HOMEOP\u00c1TICAS<\/p>\n<p><span style=\"text-decoration: underline;\">CLASES:<\/span> DOS S\u00c1BADOS DE CADA MES<\/p>\n<h3 style=\"text-align: center;\"><span style=\"font-size: small;\"><strong><\/strong><\/span><\/h3>\n<h3 style=\"text-align: center;\"><span style=\"font-size: small;\"><strong>CURSO ACREDITADO POR LA C.NC.<\/strong><\/span><\/h3>\n<h3 style=\"text-align: center;\"><span style=\"font-size: small;\"><strong>CONFEDERACI\u00d3N FARMAC\u00c9UTICA ARGENTINA COD: 2.01.04<\/strong><\/span><\/h3>\n<p>[\/et_pb_text][\/et_pb_column][\/et_pb_row][et_pb_row _builder_version=\u00bb3.17.6&#8243;][et_pb_column type=\u00bb4_4&#8243; _builder_version=\u00bb3.17.6&#8243; parallax=\u00bboff\u00bb parallax_method=\u00bbon\u00bb][et_pb_text text_font_size=\u00bb21px\u00bb _builder_version=\u00bb3.17.6&#8243; header_font=\u00bb||||||||\u00bb header_2_font=\u00bb||||||||\u00bb text_font=\u00bb||||||||\u00bb header_text_color=\u00bb#e09900&#8243; background_color=\u00bb#edef6e\u00bb text_text_color=\u00bb#e02b20&#8243; header_3_font=\u00bb||||||||\u00bb header_3_text_color=\u00bb#000000&#8243; header_2_text_color=\u00bb#0c71c3&#8243;]<\/p>\n<h2 style=\"text-align: center;\">ATENEOS\u00a0 CL\u00cdNICOS<\/h2>\n<h2 style=\"text-align: center;\">Revisi\u00f3n de casos. Historias cl\u00ednicas<\/h2>\n<h3 style=\"text-align: center;\">Primer s\u00e1bado de cada mes<\/h3>\n<p>[\/et_pb_text][\/et_pb_column][\/et_pb_row][\/et_pb_section]<\/p>\n","protected":false},"excerpt":{"rendered":"<p>CURSO BIANUAL PARA M\u00c9DICOS, ODONT\u00d3LOGOS,VETERINARIOS Y FARMAC\u00c9UTICOSM\u00c9DICOS,VETERINARIOS Y ODONT\u00d3LOGOS TEMARIO A DESARROLLAR &nbsp; HISTORIA Y DOCTRINA HOMEOP\u00c1TICA FUNDAMENTOS TE\u00d3RICOS MATERIA M\u00c9DICA HOMEOPATICA SEMIOLOGIA CLINICA HOMEOP\u00c1TICA REPERTORIO: SU MANEJO Y UTILIZACI\u00d3N FARMACIA Y FARMACOPEA HOMEOP\u00c1TICA CLASES: VIERNES\u00a0 Y S\u00c1BADO CONSECUTIVOS DE CADA MES &nbsp;FARMAC\u00c9UTICOS TEMARIO A DESARROLLAR HISTORIA Y DOCTRINA HOMEOP\u00c1TICA MATERIA M\u00c9DICA HOMEOP\u00c1TICA FARMACOLOG\u00cdA Y [&hellip;]<\/p>\n","protected":false},"author":1,"featured_media":0,"parent":0,"menu_order":0,"comment_status":"closed","ping_status":"closed","template":"","meta":{"_et_pb_use_builder":"on","_et_pb_old_content":"","_et_gb_content_width":"","footnotes":""},"_links":{"self":[{"href":"https:\/\/sociedadhomeopatica.org\/index.php\/wp-json\/wp\/v2\/pages\/112"}],"collection":[{"href":"https:\/\/sociedadhomeopatica.org\/index.php\/wp-json\/wp\/v2\/pages"}],"about":[{"href":"https:\/\/sociedadhomeopatica.org\/index.php\/wp-json\/wp\/v2\/types\/page"}],"author":[{"embeddable":true,"href":"https:\/\/sociedadhomeopatica.org\/index.php\/wp-json\/wp\/v2\/users\/1"}],"replies":[{"embeddable":true,"href":"https:\/\/sociedadhomeopatica.org\/index.php\/wp-json\/wp\/v2\/comments?post=112"}],"version-history":[{"count":16,"href":"https:\/\/sociedadhomeopatica.org\/index.php\/wp-json\/wp\/v2\/pages\/112\/revisions"}],"predecessor-version":[{"id":606,"href":"https:\/\/sociedadhomeopatica.org\/index.php\/wp-json\/wp\/v2\/pages\/112\/revisions\/606"}],"wp:attachment":[{"href":"https:\/\/sociedadhomeopatica.org\/index.php\/wp-json\/wp\/v2\/media?parent=112"}],"curies":[{"name":"wp","href":"https:\/\/api.w.org\/{rel}","templated":true}]}}